{"id":2254,"date":"2022-04-28T21:28:57","date_gmt":"2022-04-28T21:28:57","guid":{"rendered":"https:\/\/democracy.sscw.ee\/?page_id=2254"},"modified":"2024-05-15T23:52:19","modified_gmt":"2024-05-15T23:52:19","slug":"practical-information","status":"publish","type":"page","link":"https:\/\/democracy.sscw.ee\/en\/practical-information\/","title":{"rendered":"Practical information"},"content":{"rendered":"\n<p class=\"has-medium-font-size\"><strong>Transportation&nbsp;<\/strong><\/p>\n\n\n\n<p><strong><mark style=\"background-color:rgba(0, 0, 0, 0)\" class=\"has-inline-color has-neve-link-hover-color-color\">Arrival by bus <\/mark><\/strong><br>Please use following options: peatus.ee or tpilet.ee. You could also use direct page of Lux Express and get your ticket to Tallinn <a href=\"https:\/\/luxexpress.eu\/\" data-type=\"URL\" data-id=\"https:\/\/luxexpress.eu\/\">https:\/\/luxexpress.eu\/<\/a><\/p>\n\n\n\n<p><strong><mark style=\"background-color:rgba(0, 0, 0, 0)\" class=\"has-inline-color has-neve-link-hover-color-color\">Taxi<\/mark><\/strong><br><em>We advise using Bolt. It&#8217;s easy and affordable. Download the app, and you can see the fees by entering the destination. PS! It&#8217;s a bit challenging to get taxi on the street by waving them. Use the app instead.<\/em><\/p>\n\n\n\n<p><mark style=\"background-color: rgba(0, 0, 0, 0);\" class=\"has-inline-color has-neve-link-hover-color-color\"><b>Joint bus for conference group from Narva to Talinn and back<\/b><\/mark><br>If you are traveling from Ida-Virumaa, organisers will provide free trasnportation for participants travelling from Ida-Virumaa . <strong>On the 7th of June 2024 at 6.30 am all participants who is traveling to the conference will need to be at the bus stoping point: <\/strong><br>&#8211; Narva <br>&#8211; Sillam\u00e4e<br>&#8211; J\u00f5hvi<br>&#8211; Kohtla-J\u00e4rve<br><strong>Returning travel will be organised on the same day at 18.00 pm in front of the venue.<\/strong> <strong>NB! DO NOT BE LATE, as bus cant wait for you!<\/strong><\/p>\n\n\n\n<p><strong><span style=\"text-decoration: underline;\">If you are lost, please contact Ms. Ingrid Rausepp, Logistics and Conference Officer, conference@sscw.ee <\/span><\/strong><\/p>\n\n\n\n<p><\/p>\n\n\n\n<p class=\"has-medium-font-size\"><strong>Food<\/strong><\/p>\n\n\n\n<p>Subsistence (meals and coffee breaks) are covered for&nbsp;confirmed participants for the entire duration of the Conferece full programme (including&nbsp;conference, workshops and other events) by the organizers. Subsistence (buffet- lunche, coffee break and reception) are covered by organiser for all officially registered and confirmed participants.<\/p>\n\n\n\n<p class=\"has-medium-font-size\"><strong>Participants profile<\/strong><\/p>\n\n\n\n<p>The programm is open to all project target group representatives, experts, guests, students\/youth, interested organizations\/institutions and NGOs leaders, networks, and individuals representing vulnerable groups.<\/p>\n\n\n\n<p class=\"has-medium-font-size\"><strong>Suitable profile of participants&nbsp;can be:<\/strong><\/p>\n\n\n\n<ul>\n<li>be aged 16-years or older<\/li>\n\n\n\n<li>be ready to share their knowledge and experience in their institutional or organisational context.<\/li>\n\n\n\n<li>be experienced in&nbsp;civil society organisation, education, culture and politic processes etc.<\/li>\n\n\n\n<li>have multiplying effect (able to spread the outcome of the project events and Conference and share it&nbsp;to their own school\/institution, organisation).<\/li>\n\n\n\n<li>be able to travel to Talinn  on the 7th of June and depart on same day.<\/li>\n\n\n\n<li>be willing to actively contribute to the debates and are committed to take part in the whole duration of the project programm.<\/li>\n\n\n\n<li>be able to work in Estonian\/ Russian or English.<\/li>\n<\/ul>\n","protected":false},"excerpt":{"rendered":"<p>Transportation&nbsp; Arrival by bus Please use following options: peatus.ee or tpilet.ee. You could also use direct page of Lux Express and get your ticket to Tallinn https:\/\/luxexpress.eu\/ TaxiWe advise using Bolt. It&#8217;s easy and affordable. Download the app, and you can see the fees by entering the destination. PS! It&#8217;s a bit challenging to get&hellip;&nbsp;<a href=\"https:\/\/democracy.sscw.ee\/en\/practical-information\/\" class=\"\" rel=\"bookmark\">Read More &raquo;<span class=\"screen-reader-text\">Practical information<\/span><\/a><\/p>\n","protected":false},"author":1,"featured_media":0,"parent":0,"menu_order":0,"comment_status":"closed","ping_status":"closed","template":"","meta":{"inline_featured_image":false,"neve_meta_sidebar":"full-width","neve_meta_container":"","neve_meta_enable_content_width":"on","neve_meta_content_width":100,"neve_meta_title_alignment":"","neve_meta_author_avatar":"","neve_post_elements_order":"","neve_meta_disable_header":"","neve_meta_disable_footer":"","neve_meta_disable_title":"","_ti_tpc_template_sync":false,"_ti_tpc_template_id":""},"_links":{"self":[{"href":"https:\/\/democracy.sscw.ee\/en\/wp-json\/wp\/v2\/pages\/2254"}],"collection":[{"href":"https:\/\/democracy.sscw.ee\/en\/wp-json\/wp\/v2\/pages"}],"about":[{"href":"https:\/\/democracy.sscw.ee\/en\/wp-json\/wp\/v2\/types\/page"}],"author":[{"embeddable":true,"href":"https:\/\/democracy.sscw.ee\/en\/wp-json\/wp\/v2\/users\/1"}],"replies":[{"embeddable":true,"href":"https:\/\/democracy.sscw.ee\/en\/wp-json\/wp\/v2\/comments?post=2254"}],"version-history":[{"count":11,"href":"https:\/\/democracy.sscw.ee\/en\/wp-json\/wp\/v2\/pages\/2254\/revisions"}],"predecessor-version":[{"id":7003,"href":"https:\/\/democracy.sscw.ee\/en\/wp-json\/wp\/v2\/pages\/2254\/revisions\/7003"}],"wp:attachment":[{"href":"https:\/\/democracy.sscw.ee\/en\/wp-json\/wp\/v2\/media?parent=2254"}],"curies":[{"name":"wp","href":"https:\/\/api.w.org\/{rel}","templated":true}]}}